{"id":127,"date":"2017-01-01T00:01:38","date_gmt":"2017-01-01T00:01:38","guid":{"rendered":"http:\/\/www.mgopsdaleszyce.pl\/?page_id=127"},"modified":"2020-05-03T16:43:41","modified_gmt":"2020-05-03T16:43:41","slug":"asystentura-rodzinna-podstawowe-informacje","status":"publish","type":"page","link":"https:\/\/www.mgopsdaleszyce.pl\/old\/asystentura-rodzinna-podstawowe-informacje\/","title":{"rendered":"Asystentura rodzinna podstawowe informacje"},"content":{"rendered":"<p><strong>DZIA\u0141 ASYSTENTURA RODZINNA<\/strong><br \/>\n<strong> Asystenci rodziny: Agnieszka Rychel i Dominika Malicka<\/strong><br \/>\n<strong> Siedziba: Gimnazjum im. Jana Paw\u0142a II w Daleszycach, I pi\u0119tro, pok\u00f3j 107<\/strong><br \/>\n<strong> Telefon: 505 076 387<\/strong><\/p>\n<p><img loading=\"lazy\" class=\"aligncenter wp-image-78 size-large\" title=\"Asystentura rodzinna\" src=\"http:\/\/www.mgopsdaleszyce.pl\/wp-content\/uploads\/2017\/01\/asystentura01-1024x682.jpg\" alt=\"Asystentura rodzinna\" width=\"695\" height=\"463\" srcset=\"https:\/\/www.mgopsdaleszyce.pl\/old\/wp-content\/uploads\/2017\/01\/asystentura01-1024x682.jpg 1024w, https:\/\/www.mgopsdaleszyce.pl\/old\/wp-content\/uploads\/2017\/01\/asystentura01-300x200.jpg 300w, https:\/\/www.mgopsdaleszyce.pl\/old\/wp-content\/uploads\/2017\/01\/asystentura01-768x511.jpg 768w, https:\/\/www.mgopsdaleszyce.pl\/old\/wp-content\/uploads\/2017\/01\/asystentura01.jpg 1155w\" sizes=\"(max-width: 695px) 100vw, 695px\" \/><\/p>\n<p>Asystenci rodziny pracuj\u0105cy na terenie Miasta i Gminy Daleszyce nie tylko wsp\u00f3\u0142pracuj\u0105 z rodzinami prze\u017cywaj\u0105cymi trudno\u015bci w sprawowaniu funkcji opieku\u0144czo &#8211; wychowawczych, ale r\u00f3wnie\u017c uczestnicz\u0105 w organizacji r\u00f3\u017cnych przedsi\u0119wzi\u0119\u0107 szczeg\u00f3lnie skierowanych do dzieci z rodzin korzystaj\u0105cych z systematycznej pomocy Miejsko- Gminnego O\u015brodka Pomocy Spo\u0142ecznej. W 2016 roku przy wsp\u00f3\u0142pracy ze \u015awietlic\u0105 Integracyjno &#8211; Wspieraj\u0105c\u0105 &#8222;Promyczek&#8221; przeprowadzono akcj\u0119 &#8222;Weso\u0142e wakacje w gminie Daleszyce&#8221; pod patronatem Burmistrza Miasta i Gminy Daleszyce, w ramach kt\u00f3rej 80 dzieci wzi\u0119\u0142o udzia\u0142 w wycieczkach jednodniowych na terenie wojew\u00f3dztwa \u015bwi\u0119tokrzyskiego. Najm\u0142odsi mieli okazj\u0119 pozna\u0107 najciekawsze atrakcje naszego regionu (Sandomierz, &#8222;Ptasi Azyl&#8221;, &#8222;Gr\u00f3d P\u0119dzik\u00f3w&#8221;, Stadion Arena Kolporter w Kielcach, Mini Zoo w miejscowo\u015bci Lis\u00f3w-Wygwizd\u00f3w). Ponadto dzieci mia\u0142y mo\u017cliwo\u015b\u0107 aktywnego sp\u0119dzenia czasu wolnego i zawarcia nowych znajomo\u015bci. Na podsumowanie wakacji zorganizowano ognisko w &#8222;O\u015brodku Jazdy Konnej&#8221; w Borkowie, w kt\u00f3rym wzi\u0119li udzia\u0142 wszyscy uczestnicy wycieczek.<br \/>\nDrugim wa\u017cnym przedsi\u0119wzi\u0119ciem podj\u0119tym przez asystent\u00f3w rodziny, \u015bwietlic\u0119 &#8222;Promyczek&#8221; oraz pracownik\u00f3w MGOPS by\u0142o zorganizowanie miko\u0142ajek dla 100 dzieci z gminy Daleszyce. Podczas zabawy dzieci otrzyma\u0142y od Miko\u0142aja i jego pomocnika paczki ze s\u0142odyczami oraz przepi\u0119kne ksi\u0105\u017cki z opowie\u015bciami, zach\u0119caj\u0105ce do czytania. Niezwykle widoczne by\u0142o zaanga\u017cowanie rodzic\u00f3w, kt\u00f3rzy nie tylko przygotowali pocz\u0119stunek ale dbali r\u00f3wnie\u017c o bezpiecze\u0144stwo swoich pociech.<br \/>\nAsystenci rodziny wychodz\u0105 nie tylko naprzeciwko potrzebom dzieci, ale d\u0105\u017c\u0105 do prawid\u0142owego funkcjonowania rodzin, b\u0119d\u0105cych pod opiek\u0105 o\u015brodka pomocy spo\u0142ecznej. Wzi\u0119li udzia\u0142 w bardzo wa\u017cnym przedsi\u0119wzi\u0119ciu jakim by\u0142a sesja terapeutyczna o charakterze reintegruj\u0105cym rodziny i zwi\u0105zki partnerskie. Wsp\u00f3\u0142pracuj\u0105 z wszelkimi organizacjami,\u00a0 stowarzyszeniami, instytucjami publicznymi i prywatnymi na rzecz dobra mieszka\u0144c\u00f3w gminy Daleszyce.<br \/>\nPraca asystenta rodziny polega nie tylko na pracy z konkretn\u0105 rodzin\u0105 w jej miejscu zamieszkania, ale tak\u017ce na ich aktywizacji zawodowej, spo\u0142ecznej i anga\u017cowaniu w przedsi\u0119wzi\u0119cia organizowane przez Miejsko \u2013 Gminny O\u015brodek Pomocy Spo\u0142ecznej.<\/p>\n<p><span style=\"text-decoration: underline;\"><strong>Informacje og\u00f3lne<\/strong><\/span><br \/>\nTermin <strong>&#8222;asystent&#8221;<\/strong> pochodzi od s\u0142owa &#8222;asysta&#8221;, kt\u00f3re jest okre\u015bleniem na osob\u0119 towarzysz\u0105c\u0105 komu\u015b, wsp\u00f3\u0142obecn\u0105, pomagaj\u0105c\u0105, b\u0119d\u0105c\u0105 w pogotowiu.<br \/>\nAsystent rodziny przez pewien czas wspiera rodzin\u0119, aby w przysz\u0142o\u015bci samodzielnie potrafi\u0142a pokonywa\u0107 trudno\u015bci \u017cyciowe, zw\u0142aszcza dotycz\u0105ce opieki i wychowania dzieci.<\/p>\n<p>Ustawa o wspieraniu rodziny i systemie pieczy zast\u0119pczej na\u0142o\u017cy\u0142a na gminy obowi\u0105zek udzielania pomocy rodzinom dysfunkcyjnym z dzie\u0107mi. Pomoc owa realizowana jest poprzez dzia\u0142ania asystenta rodzinnego, kt\u00f3ry wspiera rodziny w przezwyci\u0119\u017caniu trudno\u015bci zwi\u0105zanych z opiek\u0105 i wychowaniem ma\u0142oletnich dzieci.<\/p>\n<p>Asystent pomaga rodzicom w wype\u0142nianiu r\u00f3l spo\u0142ecznych, aby doprowadzi\u0107 do osi\u0105gni\u0119cia podstawowej stabilizacji \u017cyciowej i nie dopu\u015bci\u0107 do umieszczania dzieci poza rodzin\u0105 w plac\u00f3wkach lub rodzinach zast\u0119pczych. Je\u015bli dzieci znajduj\u0105 si\u0119 pod piecz\u0119 zast\u0119pcz\u0105, rol\u0105 asystenta jest dzia\u0142anie na rzecz ich jak najszybszego powrotu do rodziny.<\/p>\n<p>Wsp\u00f3\u0142praca z asystentem odbywa si\u0119 za zgod\u0105 rodziny. Pierwszy kontakt asystenta z rodzin\u0105 nast\u0119puje w obecno\u015bci pracownika socjalnego. Podczas spotkania asystent pr\u00f3buje dowiedzie\u0107 si\u0119 jak najwi\u0119cej o rodzinie, dzieciach, o wyst\u0119puj\u0105cych w rodzinie problemach oraz ich oczekiwaniach. Asystent wsp\u00f3lnie z rodzin\u0105 okre\u015bla spos\u00f3b wyj\u015bcia z trudnej sytuacji \u017cyciowej. Ustala mocne strony rodziny oraz rodzaj i kolejno\u015b\u0107 podejmowanych dzia\u0142a\u0144. Ostatecznie na zmian\u0119 i sukces pracuje sama rodzina.<\/p>\n<p>W pierwszej kolejno\u015bci asystent wspiera rodzin\u0119 w rozwi\u0105zywaniu podstawowych problem\u00f3w \u017cyciowych.<\/p>\n<p>Rola asystenta rodziny zaczyna si\u0119 ju\u017c na etapie profilaktyki, jego zadaniem jest ca\u0142o\u015bciowe wspieranie rodzin wychowuj\u0105cych dzieci, zagro\u017conych r\u00f3\u017cnymi dysfunkcjami.<\/p>\n<p><strong><span style=\"text-decoration: underline;\">Zadania asystenta rodziny:<\/span><\/strong><br \/>\nSzczeg\u00f3\u0142owe zadania asystenta okre\u015bla ustawa z dnia 9 czerwca 2011 r. o wspierania rodziny i systemie pieczy zast\u0119pczej (Dz.U. 2015 poz. 332), do kt\u00f3rych nale\u017cy m. im.:<br \/>\n1) opracowanie i realizacja planu pracy z rodzin\u0105 we wsp\u00f3\u0142pracy z cz\u0142onkami rodziny<br \/>\ni w konsultacji z pracownikiem socjalnym;<br \/>\n2) opracowanie, we wsp\u00f3\u0142pracy z cz\u0142onkami rodziny i koordynatorem rodzinnej pieczy zast\u0119pczej, planu pracy z rodzin\u0105, kt\u00f3ry jest skoordynowany z planem pomocy dziecku umieszczonemu w pieczy zast\u0119pczej;<br \/>\n3) udzielanie pomocy rodzinom w poprawie ich sytuacji \u017cyciowej, w tym w zdobywaniu umiej\u0119tno\u015bci prawid\u0142owego prowadzenia gospodarstwa domowego;<br \/>\n4) udzielanie pomocy rodzinom w rozwi\u0105zywaniu problem\u00f3w socjalnych;<br \/>\n5) udzielanie pomocy rodzinom w rozwi\u0105zywaniu problem\u00f3w psychologicznych;<br \/>\n6) udzielanie pomocy rodzinom w rozwi\u0105zywaniu problem\u00f3w wychowawczych z dzie\u0107mi;<br \/>\n7) wspieranie aktywno\u015bci spo\u0142ecznej rodzin;<br \/>\n8) motywowanie cz\u0142onk\u00f3w rodzin do podnoszenia kwalifikacji zawodowych;<br \/>\n9) udzielanie pomocy w poszukiwaniu, podejmowaniu i utrzymywaniu pracy zarobkowej;<br \/>\n10) motywowanie do udzia\u0142u w zaj\u0119ciach grupowych dla rodzic\u00f3w, maj\u0105cych na celu kszta\u0142towanie prawid\u0142owych wzorc\u00f3w rodzicielskich i umiej\u0119tno\u015bci psychospo\u0142ecznych;<br \/>\n11) udzielanie wsparcia dzieciom, w szczeg\u00f3lno\u015bci poprzez udzia\u0142 w zaj\u0119ciach psychoedukacyjnych;<br \/>\n12) podejmowanie dzia\u0142a\u0144 interwencyjnych i zaradczych w sytuacji zagro\u017cenia bezpiecze\u0144stwa dzieci i rodzin;<br \/>\n13) prowadzenie indywidualnych konsultacji wychowawczych dla rodzic\u00f3w i dzieci;<br \/>\n14) prowadzenie dokumentacji dotycz\u0105cej pracy z rodzin\u0105;<br \/>\n15) dokonywanie okresowej oceny sytuacji rodziny, nie rzadziej ni\u017c co p\u00f3\u0142 roku,<br \/>\n16) monitorowanie funkcjonowania rodziny po zako\u0144czeniu pracy z rodzin\u0105;<br \/>\n17) sporz\u0105dzanie, na wniosek s\u0105du, opinii o rodzinie i jej cz\u0142onkach;<br \/>\n18) wsp\u00f3\u0142praca z jednostkami administracji rz\u0105dowej i samorz\u0105dowej, w\u0142a\u015bciwymi organizacjami pozarz\u0105dowymi oraz innymi podmiotami i osobami specjalizuj\u0105cymi si\u0119<br \/>\nw dzia\u0142aniach na rzecz dziecka i rodziny;<br \/>\n19) wsp\u00f3\u0142praca z zespo\u0142em interdyscyplinarnym lub grup\u0105 robocz\u0105.<\/p>\n<p>&nbsp;<\/p>\n","protected":false},"excerpt":{"rendered":"<p>DZIA\u0141 ASYSTENTURA RODZINNA Asystenci rodziny: Agnieszka Rychel i Dominika Malicka Siedziba: Gimnazjum im. Jana Paw\u0142a II w Daleszycach, I pi\u0119tro, pok\u00f3j 107 Telefon: 505 076 387 Asystenci rodziny pracuj\u0105cy na terenie Miasta i Gminy Daleszyce nie tylko wsp\u00f3\u0142pracuj\u0105 z rodzinami prze\u017cywaj\u0105cymi trudno\u015bci w sprawowaniu funkcji opieku\u0144czo &#8211; wychowawczych, ale r\u00f3wnie\u017c uczestnicz\u0105 w organizacji r\u00f3\u017cnych przedsi\u0119wzi\u0119\u0107 [&hellip;]<\/p>\n","protected":false},"author":1,"featured_media":0,"parent":0,"menu_order":0,"comment_status":"closed","ping_status":"closed","template":"","meta":[],"_links":{"self":[{"href":"https:\/\/www.mgopsdaleszyce.pl\/old\/wp-json\/wp\/v2\/pages\/127"}],"collection":[{"href":"https:\/\/www.mgopsdaleszyce.pl\/old\/wp-json\/wp\/v2\/pages"}],"about":[{"href":"https:\/\/www.mgopsdaleszyce.pl\/old\/wp-json\/wp\/v2\/types\/page"}],"author":[{"embeddable":true,"href":"https:\/\/www.mgopsdaleszyce.pl\/old\/wp-json\/wp\/v2\/users\/1"}],"replies":[{"embeddable":true,"href":"https:\/\/www.mgopsdaleszyce.pl\/old\/wp-json\/wp\/v2\/comments?post=127"}],"version-history":[{"count":5,"href":"https:\/\/www.mgopsdaleszyce.pl\/old\/wp-json\/wp\/v2\/pages\/127\/revisions"}],"predecessor-version":[{"id":132,"href":"https:\/\/www.mgopsdaleszyce.pl\/old\/wp-json\/wp\/v2\/pages\/127\/revisions\/132"}],"wp:attachment":[{"href":"https:\/\/www.mgopsdaleszyce.pl\/old\/wp-json\/wp\/v2\/media?parent=127"}],"curies":[{"name":"wp","href":"https:\/\/api.w.org\/{rel}","templated":true}]}}