{"id":1436,"date":"2018-06-20T18:51:27","date_gmt":"2018-06-20T18:51:27","guid":{"rendered":"http:\/\/www.mgopsdaleszyce.pl\/?page_id=1436"},"modified":"2020-05-03T16:43:41","modified_gmt":"2020-05-03T16:43:41","slug":"ochrona-danych-osobowych","status":"publish","type":"page","link":"https:\/\/www.mgopsdaleszyce.pl\/old\/ochrona-danych-osobowych\/","title":{"rendered":"Ochrona Danych Osobowych"},"content":{"rendered":"<p>W zwi\u0105zku z realizacj\u0105 wymog\u00f3w Rozporz\u0105dzenia Parlamentu Europejskiego i Rady (UE) 2016\/679 z dnia 27 kwietnia 2016 r. w sprawie ochrony os\u00f3b fizycznych w zwi\u0105zku z przetwarzaniem danych osobowych i w sprawie swobodnego przep\u0142ywu takich danych oraz uchylenia dyrektywy 95\/46\/WE (og\u00f3lne rozporz\u0105dzenie o ochronie danych \u201eRODO\u201d), informujemy o zasadach przetwarzania Pani\/Pana danych osobowych oraz o przys\u0142uguj\u0105cych Pani\/Panu prawach z tym zwi\u0105zanych.<\/p>\n<ol>\n<li>Administratorem Pani\/Pana danych osobowych jest: Miejsko Gminny O\u015brodek Pomocy Spo\u0142ecznej w Daleszycach z siedzib\u0105 w Daleszycach, Plac Stanis\u0142awa Staszica 22\/2, 26-021, 26-021 Daleszyce,\u00a0woj. \u015awi\u0119tokrzyskie, tel. tel.\/fax 41-307-24-78, 41-307-24-95,<br \/>\ne-mail: mgops@daleszyce.pl,<\/li>\n<li>Je\u015bli ma Pani\/Pan pytania dotycz\u0105ce sposobu i zakresu przetwarzania Pani\/Pana danych osobowych w zakresie dzia\u0142ania O\u015brodka Pomocy Spo\u0142ecznej, a tak\u017ce przys\u0142uguj\u0105cych Pani\/Panu uprawnie\u0144, mo\u017ce si\u0119 Pani\/Pan skontaktowa\u0107 si\u0119 z Inspektorem Ochrony Danych Osobowych w O\u015brodku Pomocy Spo\u0142ecznej za pomoc\u0105 adresu pocztowego <a href=\"mailto:iod@abi-net.pl\">iod@abi-net.pl<\/a> lub telefonicznie +48 795626770.<\/li>\n<li>Administrator danych osobowych \u2013 Miejsko Gminny O\u015brodek Pomocy Spo\u0142ecznej w Daleszycach \u2013 przetwarza Pani\/Pana dane osobowe na podstawie obowi\u0105zuj\u0105cych przepis\u00f3w prawa, zawartych um\u00f3w oraz na podstawie udzielonej zgody.<\/li>\n<li>Pani\/Pana dane osobowe przetwarzane s\u0105 w celu\/celach:<br \/>\n\u2022 wype\u0142nienia obowi\u0105zk\u00f3w prawnych ci\u0105\u017c\u0105cych na O\u015brodku Pomocy Spo\u0142ecznej;<br \/>\n\u2022 realizacji um\u00f3w zawartych z kontrahentami O\u015brodku Pomocy Spo\u0142ecznej;<br \/>\n\u2022 w pozosta\u0142ych przypadkach Pani\/Pana dane osobowe przetwarzane s\u0105 wy\u0142\u0105cznie na podstawie wcze\u015bniej udzielonej zgody w zakresie i celu okre\u015blonym w tre\u015bci zgody.<\/li>\n<li>W zwi\u0105zku z przetwarzaniem danych w celach o kt\u00f3rych mowa w pkt 4 odbiorcami Pani\/Pana danych osobowych mog\u0105 by\u0107:<br \/>\n\u2022 organy w\u0142adzy publicznej oraz podmioty wykonuj\u0105ce zadania publiczne lub dzia\u0142aj\u0105ce na zlecenie organ\u00f3w w\u0142adzy publicznej, w zakresie i w celach, kt\u00f3re wynikaj\u0105 z przepis\u00f3w powszechnie obowi\u0105zuj\u0105cego prawa;<br \/>\n\u2022 inne podmioty, kt\u00f3re na podstawie stosownych um\u00f3w przetwarzaj\u0105 dane osobowe dla kt\u00f3rych Administratorem jest Miejsko-Gminny O\u015brodek Pomocy Spo\u0142ecznej w Daleszycach.<\/li>\n<li>\nPani\/Pana dane osobowe b\u0119d\u0105 przechowywane przez okres niezb\u0119dny do realizacji cel\u00f3w okre\u015blonych w pkt 4, a po tym czasie przez okres oraz w zakresie wymaganym przez przepisy powszechnie obowi\u0105zuj\u0105cego prawa.<\/li>\n<li>W zwi\u0105zku z przetwarzaniem Pani\/Pana danych osobowych przys\u0142uguj\u0105 Pani\/Panu nast\u0119puj\u0105ce uprawnienia:<\/li>\n<li>a) prawo dost\u0119pu do danych osobowych, w tym prawo do uzyskania kopii tych danych;<br \/>\nb) prawo do \u017c\u0105dania sprostowania (poprawiania) danych osobowych \u2013 w przypadku gdy dane s\u0105 nieprawid\u0142owe lub niekompletne;<br \/>\nc) prawo do \u017c\u0105dania usuni\u0119cia danych osobowych (tzw. prawo do bycia zapomnianym), w przypadku gdy:<br \/>\ndane nie s\u0105 ju\u017c niezb\u0119dne do cel\u00f3w, dla kt\u00f3rych by\u0142y zebrane lub w inny spos\u00f3b przetwarzane,<br \/>\n\u2022 osoba, kt\u00f3rej dane dotycz\u0105, wnios\u0142a sprzeciw wobec przetwarzania danych osobowych,<br \/>\n\u2022 osoba, kt\u00f3rej dane dotycz\u0105 wycofa\u0142a zgod\u0119 na przetwarzanie danych osobowych, kt\u00f3ra jest podstaw\u0105 przetwarzania danych i nie ma innej podstawy prawnej przetwarzania danych,<br \/>\n\u2022 dane osobowe przetwarzane s\u0105 niezgodnie z prawem,<br \/>\n\u2022 dane osobowe musz\u0105 by\u0107 usuni\u0119te w celu wywi\u0105zania si\u0119 z obowi\u0105zku wynikaj\u0105cego z przepis\u00f3w prawa;<br \/>\nd) prawo do \u017c\u0105dania ograniczenia przetwarzania danych osobowych \u2013 w przypadku, gdy:<br \/>\n\u2022 osoba, kt\u00f3rej dane dotycz\u0105 kwestionuje prawid\u0142owo\u015b\u0107 danych osobowych,<br \/>\n\u2022 przetwarzanie danych jest niezgodne z prawem, a osoba, kt\u00f3rej dane dotycz\u0105, sprzeciwia si\u0119 usuni\u0119ciu danych, \u017c\u0105daj\u0105c w zamian ich ograniczenia,<br \/>\n\u2022 Administrator nie potrzebuje ju\u017c danych dla swoich cel\u00f3w, ale osoba, kt\u00f3rej dane dotycz\u0105, potrzebuje ich do ustalenia, obrony lub dochodzenia roszcze\u0144,<br \/>\n\u2022 osoba, kt\u00f3rej dane dotycz\u0105, wnios\u0142a sprzeciw wobec przetwarzania danych, do czasu ustalenia czy prawnie uzasadnione podstawy po stronie administratora s\u0105 nadrz\u0119dne wobec podstawy sprzeciwu;<br \/>\ne) prawo do przenoszenia danych \u2013 w przypadku gdy \u0142\u0105cznie spe\u0142nione s\u0105 nast\u0119puj\u0105ce przes\u0142anki:<br \/>\n\u2022 przetwarzanie danych odbywa si\u0119 na podstawie umowy zawartej z osob\u0105, kt\u00f3rej dane dotycz\u0105 lub na podstawie zgody wyra\u017conej przez t\u0105 osob\u0119,<br \/>\n\u2022 przetwarzanie odbywa si\u0119 w spos\u00f3b zautomatyzowany;<br \/>\nf) prawo sprzeciwu wobec przetwarzania danych \u2013 w przypadku gdy \u0142\u0105cznie spe\u0142nione s\u0105 nast\u0119puj\u0105ce przes\u0142anki:<br \/>\n\u2022 zaistniej\u0105 przyczyny zwi\u0105zane z Pani\/Pana szczeg\u00f3ln\u0105 sytuacj\u0105, w przypadku przetwarzania danych na podstawie zadania realizowanego w interesie publicznym lub w ramach sprawowania w\u0142adzy publicznej przez Administratora,<br \/>\n\u2022 przetwarzanie jest niezb\u0119dne do cel\u00f3w wynikaj\u0105cych z prawnie uzasadnionych interes\u00f3w realizowanych przez Administratora lub przez stron\u0119 trzeci\u0105, z wyj\u0105tkiem sytuacji, w kt\u00f3rych nadrz\u0119dny charakter wobec tych interes\u00f3w maj\u0105 interesy lub podstawowe prawa i wolno\u015bci osoby, kt\u00f3rej dane dotycz\u0105, wymagaj\u0105ce ochrony danych osobowych, w szczeg\u00f3lno\u015bci gdy osoba, kt\u00f3rej dane dotycz\u0105 jest dzieckiem.<\/li>\n<li>W przypadku gdy przetwarzanie danych osobowych odbywa si\u0119 na podstawie zgody osoby na przetwarzanie danych osobowych (art. 6 ust. 1 lit a RODO), przys\u0142uguje Pani\/Panu prawo do cofni\u0119cia tej zgody w dowolnym momencie.<\/li>\n<li>W przypadku powzi\u0119cia informacji o niezgodnym z prawem przetwarzaniu w O\u015brodku Pomocy Spo\u0142ecznej Pani\/Pana danych osobowych, przys\u0142uguje Pani\/Panu prawo wniesienia skargi do organu nadzorczego w\u0142a\u015bciwego w sprawach ochrony danych osobowych.<\/li>\n<li>W sytuacji, gdy przetwarzanie danych osobowych odbywa si\u0119 na podstawie zgody osoby, kt\u00f3rej dane dotycz\u0105, podanie przez Pani\u0105\/Pana danych osobowych Administratorowi ma charakter dobrowolny.<\/li>\n<li>Podanie przez Pani\u0105\/Pana danych osobowych jest obowi\u0105zkowe, w sytuacji gdy przes\u0142ank\u0119 przetwarzania danych osobowych stanowi przepis prawa lub zawarta mi\u0119dzy stronami umowa.<\/li>\n<li>Pani\/Pana dane mog\u0105 by\u0107 przetwarzane w spos\u00f3b zautomatyzowany i nie b\u0119d\u0105 profilowane.<\/li>\n<\/ol>\n","protected":false},"excerpt":{"rendered":"<p>W zwi\u0105zku z realizacj\u0105 wymog\u00f3w Rozporz\u0105dzenia Parlamentu Europejskiego i Rady (UE) 2016\/679 z dnia 27 kwietnia 2016 r. w sprawie ochrony os\u00f3b fizycznych w zwi\u0105zku z przetwarzaniem danych osobowych i w sprawie swobodnego przep\u0142ywu takich danych oraz uchylenia dyrektywy 95\/46\/WE (og\u00f3lne rozporz\u0105dzenie o ochronie danych \u201eRODO\u201d), informujemy o zasadach przetwarzania Pani\/Pana danych osobowych oraz o [&hellip;]<\/p>\n","protected":false},"author":1,"featured_media":0,"parent":0,"menu_order":0,"comment_status":"closed","ping_status":"closed","template":"","meta":[],"_links":{"self":[{"href":"https:\/\/www.mgopsdaleszyce.pl\/old\/wp-json\/wp\/v2\/pages\/1436"}],"collection":[{"href":"https:\/\/www.mgopsdaleszyce.pl\/old\/wp-json\/wp\/v2\/pages"}],"about":[{"href":"https:\/\/www.mgopsdaleszyce.pl\/old\/wp-json\/wp\/v2\/types\/page"}],"author":[{"embeddable":true,"href":"https:\/\/www.mgopsdaleszyce.pl\/old\/wp-json\/wp\/v2\/users\/1"}],"replies":[{"embeddable":true,"href":"https:\/\/www.mgopsdaleszyce.pl\/old\/wp-json\/wp\/v2\/comments?post=1436"}],"version-history":[{"count":3,"href":"https:\/\/www.mgopsdaleszyce.pl\/old\/wp-json\/wp\/v2\/pages\/1436\/revisions"}],"predecessor-version":[{"id":1807,"href":"https:\/\/www.mgopsdaleszyce.pl\/old\/wp-json\/wp\/v2\/pages\/1436\/revisions\/1807"}],"wp:attachment":[{"href":"https:\/\/www.mgopsdaleszyce.pl\/old\/wp-json\/wp\/v2\/media?parent=1436"}],"curies":[{"name":"wp","href":"https:\/\/api.w.org\/{rel}","templated":true}]}}