{"id":325,"date":"2017-10-05T00:01:27","date_gmt":"2017-10-05T00:01:27","guid":{"rendered":"http:\/\/www.mgopsdaleszyce.pl\/?page_id=325"},"modified":"2020-05-03T16:43:41","modified_gmt":"2020-05-03T16:43:41","slug":"kontakt","status":"publish","type":"page","link":"https:\/\/www.mgopsdaleszyce.pl\/old\/kontakt\/","title":{"rendered":"Kontakt Alarmowy"},"content":{"rendered":"<p style=\"text-align: center;\"><img loading=\"lazy\" class=\"aligncenter wp-image-1063 size-full\" src=\"http:\/\/www.mgopsdaleszyce.pl\/wp-content\/uploads\/2017\/10\/01-mgops-tel-zaufania.jpg\" alt=\"\" width=\"200\" height=\"200\" srcset=\"https:\/\/www.mgopsdaleszyce.pl\/old\/wp-content\/uploads\/2017\/10\/01-mgops-tel-zaufania.jpg 200w, https:\/\/www.mgopsdaleszyce.pl\/old\/wp-content\/uploads\/2017\/10\/01-mgops-tel-zaufania-150x150.jpg 150w\" sizes=\"(max-width: 200px) 100vw, 200px\" \/><\/p>\n<hr \/>\n<p style=\"text-align: center;\"><div role=\"form\" class=\"wpcf7\" id=\"wpcf7-f895-o1\" lang=\"pl-PL\" dir=\"ltr\">\n<div class=\"screen-reader-response\"><p role=\"status\" aria-live=\"polite\" aria-atomic=\"true\"><\/p> <ul><\/ul><\/div>\n<form action=\"\/old\/wp-json\/wp\/v2\/pages\/325#wpcf7-f895-o1\" method=\"post\" class=\"wpcf7-form init\" novalidate=\"novalidate\" data-status=\"init\">\n<div style=\"display: none;\">\n<input type=\"hidden\" name=\"_wpcf7\" value=\"895\" \/>\n<input type=\"hidden\" name=\"_wpcf7_version\" value=\"5.6.4\" \/>\n<input type=\"hidden\" name=\"_wpcf7_locale\" value=\"pl_PL\" \/>\n<input type=\"hidden\" name=\"_wpcf7_unit_tag\" value=\"wpcf7-f895-o1\" \/>\n<input type=\"hidden\" name=\"_wpcf7_container_post\" value=\"0\" \/>\n<input type=\"hidden\" name=\"_wpcf7_posted_data_hash\" value=\"\" \/>\n<input type=\"hidden\" name=\"_wpcf7_recaptcha_response\" value=\"\" \/>\n<\/div>\n<p><center> Formularz kontaktu alarmowego z pracownikami Miejsko Gminnego O\u015brodka Pomocy Spo\u0142ecznej w Daleszycach.<br \/>\nWpisana wiadomo\u015b\u0107 zostanie wys\u0142ana do pe\u0142ni\u0105cego dy\u017cur pracownika socjalnego. <\/p>\n<p><label> Imi\u0119 i nazwisko (wymagane)<br \/>\n    <span class=\"wpcf7-form-control-wrap\" data-name=\"your-name\"><input type=\"text\" name=\"your-name\" value=\"\" size=\"40\" class=\"wpcf7-form-control wpcf7-text wpcf7-validates-as-required\" aria-required=\"true\" aria-invalid=\"false\" \/><\/span> <\/label><\/p>\n<p><label> Adres email (wymagane)<br \/>\n    <span class=\"wpcf7-form-control-wrap\" data-name=\"your-email\"><input type=\"email\" name=\"your-email\" value=\"\" size=\"40\" class=\"wpcf7-form-control wpcf7-text wpcf7-email wpcf7-validates-as-required wpcf7-validates-as-email\" aria-required=\"true\" aria-invalid=\"false\" \/><\/span> <\/label><\/p>\n<p><label> Temat<br \/>\n    <span class=\"wpcf7-form-control-wrap\" data-name=\"your-subject\"><input type=\"text\" name=\"your-subject\" value=\"\" size=\"40\" class=\"wpcf7-form-control wpcf7-text\" aria-invalid=\"false\" \/><\/span> <\/label><\/p>\n<p><label> Tre\u015b\u0107 wiadomo\u015bci<br \/>\n    <span class=\"wpcf7-form-control-wrap\" data-name=\"your-message\"><textarea name=\"your-message\" cols=\"40\" rows=\"10\" class=\"wpcf7-form-control wpcf7-textarea\" aria-invalid=\"false\"><\/textarea><\/span> <\/label><\/p>\n\n\n<p><input type=\"submit\" value=\"Wy\u015blij\" class=\"wpcf7-form-control has-spinner wpcf7-submit\" \/><\/p>\n<p><\/center><\/p>\n<div class=\"wpcf7-response-output\" aria-hidden=\"true\"><\/div><\/form><\/div><\/p>\n<hr \/>\n<p style=\"text-align: center;\">\n","protected":false},"excerpt":{"rendered":"","protected":false},"author":1,"featured_media":0,"parent":0,"menu_order":0,"comment_status":"closed","ping_status":"closed","template":"","meta":[],"_links":{"self":[{"href":"https:\/\/www.mgopsdaleszyce.pl\/old\/wp-json\/wp\/v2\/pages\/325"}],"collection":[{"href":"https:\/\/www.mgopsdaleszyce.pl\/old\/wp-json\/wp\/v2\/pages"}],"about":[{"href":"https:\/\/www.mgopsdaleszyce.pl\/old\/wp-json\/wp\/v2\/types\/page"}],"author":[{"embeddable":true,"href":"https:\/\/www.mgopsdaleszyce.pl\/old\/wp-json\/wp\/v2\/users\/1"}],"replies":[{"embeddable":true,"href":"https:\/\/www.mgopsdaleszyce.pl\/old\/wp-json\/wp\/v2\/comments?post=325"}],"version-history":[{"count":14,"href":"https:\/\/www.mgopsdaleszyce.pl\/old\/wp-json\/wp\/v2\/pages\/325\/revisions"}],"predecessor-version":[{"id":1064,"href":"https:\/\/www.mgopsdaleszyce.pl\/old\/wp-json\/wp\/v2\/pages\/325\/revisions\/1064"}],"wp:attachment":[{"href":"https:\/\/www.mgopsdaleszyce.pl\/old\/wp-json\/wp\/v2\/media?parent=325"}],"curies":[{"name":"wp","href":"https:\/\/api.w.org\/{rel}","templated":true}]}}