{"id":327,"date":"2016-01-01T00:01:13","date_gmt":"2016-01-01T00:01:13","guid":{"rendered":"http:\/\/www.mgopsdaleszyce.pl\/?page_id=327"},"modified":"2023-02-20T09:47:57","modified_gmt":"2023-02-20T09:47:57","slug":"o-nas","status":"publish","type":"page","link":"https:\/\/www.mgopsdaleszyce.pl\/old\/o-nas\/","title":{"rendered":"O Nas"},"content":{"rendered":"<p>Struktura organizacyjna<\/p>\n<table style=\"height: 864px;\" border=\"0\" width=\"546\" frame=\"border\" rules=\"all\" align=\"left\">\n<tbody>\n<tr>\n<td><strong>Dzia\u0142<\/strong><\/td>\n<td><strong>nr pokoju<\/strong><\/td>\n<td><strong>nr telefonu<\/strong><\/td>\n<\/tr>\n<tr>\n<td><em><strong>Dyrektor<\/strong><\/em><\/p>\n<p>Renata Segieci\u0144ska<\/td>\n<td>1<\/td>\n<td>307 24 78<\/p>\n<p>-95<\/td>\n<\/tr>\n<tr>\n<td><em><strong>Referat Pomocy \u015arodowiskowej<\/strong><\/em><\/p>\n<p>Dorota Kapela &#8211; starszy pracownik socjalny<\/p>\n<p>Urszula Gawior &#8211; starszy pracownik socjalny<\/p>\n<p>Mariola Surma &#8211; starszy specjalista pracy socjalnej<\/p>\n<p>Joanna Dudzic &#8211; Rychel &#8211; starszy specjalista pracy socjalnej<\/p>\n<p>Paulina Pasisz &#8211; starszy specjalista pracy socjalnej<\/p>\n<p>Danuta Cedro &#8211; Pindral &#8211; koordynator<\/p>\n<p>Ma\u0142gorzata Maciejska &#8211; opiekun<\/p>\n<p>Bo\u017cena St\u0119pie\u0144 &#8211; opiekun<\/td>\n<td>2,3,4<\/td>\n<td>307 24 78<\/td>\n<\/tr>\n<tr>\n<td><em><strong>Referat \u015awiadcze\u0144 Rodzinnych i Obs\u0142ugi Funduszu Alimentacyjnego<\/strong><\/em><\/p>\n<p>Barbara Saletra &#8211; inspektor<\/p>\n<p>Justyna Kozub &#8211; inspektor<\/p>\n<p>Edyta Mazur &#8211; inspektor<\/td>\n<td>5, 6<\/td>\n<td>307 24 95<\/td>\n<\/tr>\n<tr>\n<td><em><strong>Referat Finansowo &#8211; Kadrowy<\/strong><\/em><\/p>\n<p>Agnieszka Krzysiek &#8211; G\u0142\u00f3wny Ksi\u0119gowy<\/p>\n<p>Aleksandra Wo\u017aniak &#8211; referent<\/p>\n<p>Anna B\u0142aszczyk &#8211; inspektor<\/p>\n<p>Piotr Krai\u0144ski &#8211; kierowca<\/td>\n<td>3<\/td>\n<td>307 24 78, -95<\/td>\n<\/tr>\n<tr>\n<td><em><strong>\u015awietlica Integracyjno &#8211; Wspieraj\u0105ca &#8222;Promyczek&#8221;<\/strong><\/em><\/p>\n<p><em><strong> budynek Gimnazjum im. Jana Paw\u0142a II, Sienkiewicza 11<\/strong><\/em><\/p>\n<p>Mariola Kaczmarczyk &#8211; kierownik<\/td>\n<td><em><strong>\u00a0<\/strong><\/em><\/td>\n<td>307 28 50<\/td>\n<\/tr>\n<\/tbody>\n<\/table>\n","protected":false},"excerpt":{"rendered":"<p>Struktura organizacyjna Dzia\u0142 nr pokoju nr telefonu Dyrektor Renata Segieci\u0144ska 1 307 24 78 -95 Referat Pomocy \u015arodowiskowej Dorota Kapela &#8211; starszy pracownik socjalny Urszula Gawior &#8211; starszy pracownik socjalny Mariola Surma &#8211; starszy specjalista pracy socjalnej Joanna Dudzic &#8211; Rychel &#8211; starszy specjalista pracy socjalnej Paulina Pasisz &#8211; starszy specjalista pracy socjalnej Danuta Cedro [&hellip;]<\/p>\n","protected":false},"author":1,"featured_media":0,"parent":0,"menu_order":0,"comment_status":"closed","ping_status":"closed","template":"","meta":[],"_links":{"self":[{"href":"https:\/\/www.mgopsdaleszyce.pl\/old\/wp-json\/wp\/v2\/pages\/327"}],"collection":[{"href":"https:\/\/www.mgopsdaleszyce.pl\/old\/wp-json\/wp\/v2\/pages"}],"about":[{"href":"https:\/\/www.mgopsdaleszyce.pl\/old\/wp-json\/wp\/v2\/types\/page"}],"author":[{"embeddable":true,"href":"https:\/\/www.mgopsdaleszyce.pl\/old\/wp-json\/wp\/v2\/users\/1"}],"replies":[{"embeddable":true,"href":"https:\/\/www.mgopsdaleszyce.pl\/old\/wp-json\/wp\/v2\/comments?post=327"}],"version-history":[{"count":3,"href":"https:\/\/www.mgopsdaleszyce.pl\/old\/wp-json\/wp\/v2\/pages\/327\/revisions"}],"predecessor-version":[{"id":2411,"href":"https:\/\/www.mgopsdaleszyce.pl\/old\/wp-json\/wp\/v2\/pages\/327\/revisions\/2411"}],"wp:attachment":[{"href":"https:\/\/www.mgopsdaleszyce.pl\/old\/wp-json\/wp\/v2\/media?parent=327"}],"curies":[{"name":"wp","href":"https:\/\/api.w.org\/{rel}","templated":true}]}}