{"id":345,"date":"2017-01-01T00:01:48","date_gmt":"2017-01-01T00:01:48","guid":{"rendered":"http:\/\/www.mgopsdaleszyce.pl\/?page_id=345"},"modified":"2023-02-20T10:03:42","modified_gmt":"2023-02-20T10:03:42","slug":"struktura-osrodka","status":"publish","type":"page","link":"https:\/\/www.mgopsdaleszyce.pl\/old\/struktura-osrodka\/","title":{"rendered":"Informacje o O\u015brodku Pomocy Spo\u0142ecznej"},"content":{"rendered":"<p style=\"text-align: center;\">Pl. Staszica 22\/2<\/p>\n<p style=\"text-align: center;\">26-021 Daleszyce<\/p>\n<p style=\"text-align: center;\">tel.\/fax 41-307-24-78, 41-307-24-95<\/p>\n<p style=\"text-align: center;\">e-mail: mgops@daleszyce.pl<\/p>\n<p style=\"text-align: center;\">www.mgops.daleszyce.pl<\/p>\n<p style=\"text-align: center;\">skrzynka epuap: \/cf05rmd79w\/SkrytkaESP<\/p>\n<p style=\"text-align: center;\">Nr konta: Bank Sp\u00f3\u0142dzielczy Daleszyce-G\u00f3rno 29 8485 0009 0000 0143 2000 0001<br \/>\nNIP: 657-220-79-46<br \/>\nREGON: 290546560<\/p>\n<p>&nbsp;<\/p>\n<p><strong><em><u>Dyrektor<\/u><\/em><u> \u2013 <\/u><\/strong><strong><u>Renata Segieci\u0144ska<\/u><\/strong><\/p>\n<p>&nbsp;<\/p>\n<p><strong><u>Referat Pomocy \u015arodowiskowej<\/u><\/strong><\/p>\n<p>Dorota Kapela \u2013 starszy specjalista pracy socjalnej &#8211; koordynator<\/p>\n<p>Danuta Cedro &#8211; Pindral &#8211; starszy specjalista pracy socjalnej &#8211; koordynator<\/p>\n<p>Urszula Gawior &#8211; starszy specjalista pracy socjalnej<\/p>\n<p>Mariola Surma &#8211; starszy specjalista pracy socjalnej<\/p>\n<p>Joanna Dudzic &#8211; Rychel &#8211; starszy specjalista pracy socjalnej<\/p>\n<p>Ma\u0142gorzata Pilarek \u2013 specjalista pracy socjalnej<\/p>\n<p>Paulina Pasisz &#8211; starszy specjalista pracy socjalnej<\/p>\n<p>Agnieszka Rychel &#8211; starszy asystent rodziny<\/p>\n<p>Ma\u0142gorzata Maciejska \u2013 opiekun \u015brodowiskowy<\/p>\n<p>Bo\u017cena St\u0119pie\u0144 \u2013 opiekun \u015brodowiskowy<\/p>\n<p>Mariola Klikowicz-Ko\u0142buc \u2013 specjalista pracy socjalnej<\/p>\n<p>Iwona Papis \u2013 specjalista pracy socjalnej<\/p>\n<p>Dominika Malicka \u2013 starszy asystent rodziny<\/p>\n<p>&nbsp;<\/p>\n<p>&nbsp;<\/p>\n<p><strong><u>Referat \u015awiadcze\u0144 Rodzinnych, \u015awiadcze\u0144 wychowawczych i Funduszu Alimentacyjnego<\/u><\/strong><\/p>\n<p>Barbara Saletra \u2013 inspektor ds. \u015bwiadcze\u0144 rodzinnych i \u015bwiadcze\u0144 wychowawczych<\/p>\n<p>Justyna Kozub \u2013 inspektor ds. \u015bwiadcze\u0144 rodzinnych i \u015bwiadcze\u0144 wychowawczych<\/p>\n<p>Edyta Mazur \u2013 inspektor ds. \u015bwiadcze\u0144 rodzinnych, \u015bwiadcze\u0144 wychowawczych i \u015bwiadcze\u0144 z funduszu alimentacyjnego<\/p>\n<p>&nbsp;<\/p>\n<p><strong><u>Referat Finansowo &#8211; Kadrowy<\/u><\/strong><\/p>\n<p>Agnieszka Krzysiek \u2013 G\u0142\u00f3wny Ksi\u0119gowy<\/p>\n<p>Aleksandra Wo\u017aniak \u2013 starszy inspektor ds. ksi\u0119gowo-kadrowych<\/p>\n<p>Anna B\u0142aszczyk &#8211; inspektor<\/p>\n<p>Hubert Sajdak &#8211; informatyk<\/p>\n<p>Piotr Krai\u0144ski \u2013 kierowca<\/p>\n<p>Krzysztof Olejarczyk &#8211; kierowca<\/p>\n<p>&nbsp;<\/p>\n<p><strong><u>\u015awietlica Integracyjno &#8211; Wspieraj\u0105ca &#8222;Promyczek&#8221;<\/u><\/strong><\/p>\n<p><strong><u>budynek Gimnazjum im. Jana Paw\u0142a II, Sienkiewicza 11b<\/u><\/strong><\/p>\n<p>Mariola Kaczmarczyk \u2013 kierownik \u015bwietlicy<\/p>\n<p>Edyta Bujak &#8211; p.o. kierownik \u015bwietlicy<\/p>\n<p lang=\"zxx\">Kamila Kapela \u2013 referent<\/p>\n<p>&nbsp;<\/p>\n<p style=\"text-align: center;\"><iframe loading=\"lazy\" style=\"border: 0;\" src=\"https:\/\/www.google.com\/maps\/embed?pb=!1m18!1m12!1m3!1d1499.3147171162154!2d20.804852558438736!3d50.80269340821254!2m3!1f0!2f0!3f0!3m2!1i1024!2i768!4f13.1!3m3!1m2!1s0x47178aca63c97c1f%3A0x64394108318125e6!2sMiejsko+Gminny+O%C5%9Brodek+Pomocy+Spo%C5%82ecznej!5e0!3m2!1spl!2spl!4v1513092183062\" width=\"700\" height=\"450\" frameborder=\"0\" allowfullscreen=\"allowfullscreen\"><\/iframe><\/p>\n","protected":false},"excerpt":{"rendered":"<p>Pl. Staszica 22\/2 26-021 Daleszyce tel.\/fax 41-307-24-78, 41-307-24-95 e-mail: mgops@daleszyce.pl www.mgops.daleszyce.pl skrzynka epuap: \/cf05rmd79w\/SkrytkaESP Nr konta: Bank Sp\u00f3\u0142dzielczy Daleszyce-G\u00f3rno 29 8485 0009 0000 0143 2000 0001 NIP: 657-220-79-46 REGON: 290546560 &nbsp; Dyrektor \u2013 Renata Segieci\u0144ska &nbsp; Referat Pomocy \u015arodowiskowej Dorota Kapela \u2013 starszy specjalista pracy socjalnej &#8211; koordynator Danuta Cedro &#8211; Pindral &#8211; starszy specjalista [&hellip;]<\/p>\n","protected":false},"author":1,"featured_media":0,"parent":0,"menu_order":0,"comment_status":"closed","ping_status":"closed","template":"","meta":[],"_links":{"self":[{"href":"https:\/\/www.mgopsdaleszyce.pl\/old\/wp-json\/wp\/v2\/pages\/345"}],"collection":[{"href":"https:\/\/www.mgopsdaleszyce.pl\/old\/wp-json\/wp\/v2\/pages"}],"about":[{"href":"https:\/\/www.mgopsdaleszyce.pl\/old\/wp-json\/wp\/v2\/types\/page"}],"author":[{"embeddable":true,"href":"https:\/\/www.mgopsdaleszyce.pl\/old\/wp-json\/wp\/v2\/users\/1"}],"replies":[{"embeddable":true,"href":"https:\/\/www.mgopsdaleszyce.pl\/old\/wp-json\/wp\/v2\/comments?post=345"}],"version-history":[{"count":9,"href":"https:\/\/www.mgopsdaleszyce.pl\/old\/wp-json\/wp\/v2\/pages\/345\/revisions"}],"predecessor-version":[{"id":2415,"href":"https:\/\/www.mgopsdaleszyce.pl\/old\/wp-json\/wp\/v2\/pages\/345\/revisions\/2415"}],"wp:attachment":[{"href":"https:\/\/www.mgopsdaleszyce.pl\/old\/wp-json\/wp\/v2\/media?parent=345"}],"curies":[{"name":"wp","href":"https:\/\/api.w.org\/{rel}","templated":true}]}}